
{"id":2495,"date":"2025-05-12T22:03:07","date_gmt":"2025-05-13T05:03:07","guid":{"rendered":"https:\/\/clubplus.canadasoccer.com\/page-daccueil\/"},"modified":"2025-09-08T08:25:00","modified_gmt":"2025-09-08T15:25:00","slug":"page-daccueil","status":"publish","type":"page","link":"https:\/\/clubplus.canadasoccer.com\/fr\/","title":{"rendered":"Page d&rsquo;accueil"},"content":{"rendered":"<div>\n<div>\n<div>\n<h1>Bienvenue sursur Club+ de Canada Soccer<\/h1>\n<p>Club+ est une nouvelle plateforme con\u00e7ue pour soutenir les clubs de football communautaires \u00e0 travers le Canada avec des outils, des mod\u00e8les et des strat\u00e9gies pour d\u00e9velopper le jeu. <\/p>\n<p>Que vous soyez un club g\u00e9r\u00e9 par des b\u00e9n\u00e9voles ou une organisation en pleine croissance, Club+ est votre centre de r\u00e9f\u00e9rence pour des ressources pratiques, pr\u00eates \u00e0 l&#8217;emploi et adapt\u00e9es aux besoins r\u00e9els du soccer de base. <\/p>\n<p>\n                    Inscription                    Se connecter                <\/p>\n<\/p><\/div>\n<p><!--\/content-wrap-->\n    <\/div>\n<p><!--\/seciton-wrap--><\/p>\n<div><\/div>\n<\/div>\n<p><!--\/section--><\/p>\n<div>\n<div>\n<div>\n<p>                        <img><\/p><\/div>\n<p><!--\/col--><\/p>\n<div>\n<div>\n<h2>Pourquoi Club+? Pourquoi maintenant?<\/h2>\n<p>Avec la Coupe du Monde de la FIFA 26\u2122 \u00e0 l&#8217;horizon, l&#8217;int\u00e9r\u00eat pour le ballon rond monte en fl\u00e8che dans tout le pays. <\/p>\n<p>Il s&#8217;agit d&#8217;une occasion unique de transformer l&#8217;enthousiasme en participation durable. Club+ est une plateforme pour aider votre club \u00e0 saisir cette occasion.<\/p>\n<p>&nbsp;<\/p>\n<\/p><\/div>\n<\/p><\/div>\n<p><!--\/col-->\n    <\/div>\n<\/div>\n<p><!--\/section--><\/p>\n<div>\n<div>\n<h2>Ce que vous trouverez sur Club+<\/h2>\n<\/div>\n<div>\n<div>\n<div>\n                                            <img \/>\n                                    <\/div>\n<p><!--\/list-item-icon--><\/p>\n<div>\n<h5>Outils utiles<\/h5>\n<p>Des outils pratiques dans des domaines tels que le recrutement de b\u00e9n\u00e9voles, le marketing, etc.<\/p>\n<\/p><\/div>\n<p><!--\/list-item-content--><\/p><\/div>\n<p><!--\/list-item--><\/p>\n<div>\n<div>\n                                            <img \/>\n                                    <\/div>\n<p><!--\/list-item-icon--><\/p>\n<div>\n<h5>Gagner du temps<\/h5>\n<p>Des ressources personnalisables que vous pouvez utiliser imm\u00e9diatement &#8211; pas besoin de partir de z\u00e9ro.  <\/p>\n<\/p><\/div>\n<p><!--\/list-item-content--><\/p><\/div>\n<p><!--\/list-item--><\/p>\n<div>\n<div>\n                                            <img \/>\n                                    <\/div>\n<p><!--\/list-item-icon--><\/p>\n<div>\n<h5>D\u00e9couvrez ce que font les autres clubs<\/h5>\n<p>Des exemples concrets et des pratiques exemplaires de clubs de tout le Canada, pour que vous ne soyez jamais seul \u00e0 naviguer.  <\/p>\n<\/p><\/div>\n<p><!--\/list-item-content--><\/p><\/div>\n<p><!--\/list-item--><\/p>\n<div>\n<div>\n                                            <img \/>\n                                    <\/div>\n<p><!--\/list-item-icon--><\/p>\n<div>\n<h5>Sans conditions<\/h5>\n<p>L&rsquo;acc\u00e8s complet est gratuit &#8211; et con\u00e7u pour les dirigeants de clubs tr\u00e8s occup\u00e9s.<\/p>\n<\/p><\/div>\n<p><!--\/list-item-content--><\/p><\/div>\n<p><!--\/list-item--><\/p>\n<div>\n<div>\n                                            <img \/>\n                                    <\/div>\n<p><!--\/list-item-icon--><\/p>\n<div>\n<h5>N&rsquo;utilisez que ce dont vous avez besoin<\/h5>\n<p>Flexible et convivial &#8211; utilisez ce qui vous convient le mieux, au moment o\u00f9 cela est le plus judicieux pour votre club.  <\/p>\n<\/p><\/div>\n<p><!--\/list-item-content--><\/p><\/div>\n<p><!--\/list-item--><\/p>\n<div>\n<div>\n                                            <img \/>\n                                    <\/div>\n<p><!--\/list-item-icon--><\/p>\n<div>\n<h5>Con\u00e7u pour les vrais d\u00e9fis des clubs<\/h5>\n<p>Fa\u00e7onn\u00e9 par les probl\u00e8mes quotidiens auxquels les clubs sont confront\u00e9s.<\/p>\n<\/p><\/div>\n<p><!--\/list-item-content--><\/p><\/div>\n<p><!--\/list-item--><\/p><\/div>\n<p><!--\/section-wrap-->\n    <\/div>\n<p><!--\/section--><\/p>\n<div>\n<div>\n<div><\/div>\n<div>\n<div>\n<h2>Comment cela fonctionne-t-il?<\/h2>\n<p>Club+ est lanc\u00e9 par phases, ce qui permet aux clubs d&#8217;utiliser les bons outils au bon moment.<\/p>\n<p>Chaque phase s&#8217;articule autour de la saison de soccer et du cycle d&#8217;exploitation du club &#8211; de la planification des installations et du marketing au recrutement et aux \u00e9v\u00e9nements communautaires.<\/p>\n<p> De nouveaux contenus apparaissent tous les deux mois<\/p>\n<p> Des sujets d&#8217;actualit\u00e9 et tr\u00e8s percutants.<\/p>\n<p> Con\u00e7u pour \u00e9voluer avec les besoins de votre club jusqu&#8217;en 2026 et au-del\u00e0<\/p>\n<\/p><\/div>\n<\/p><\/div>\n<div>\n<div>\n<h2>Vous n&#8217;\u00eates pas seuls<\/h2>\n<p>Club+ n&#8217;est pas seulement une plateforme, c&#8217;est un point de connexion. <\/p>\n<p>En tant que membre de la communaut\u00e9 Club+, vous aurez acc\u00e8s \u00e0 des webinaires, \u00e0 des s\u00e9ances de questions et r\u00e9ponses et \u00e0 des conversations avec le personnel de Soccer Canada et des experts en la mati\u00e8re.<\/p>\n<p>Que vous souhaitiez relever un d\u00e9fi local ou planifier votre croissance, nous sommes l\u00e0 pour vous aider \u00e0 chaque \u00e9tape.<\/p>\n<\/p><\/div>\n<\/p><\/div>\n<div>\n<div>\n<h2>Commencez d\u00e8s aujourd&#8217;hui<\/h2>\n<p>Rejoignez Club+ et acc\u00e9dez aux outils, aux informations et au soutien qui peuvent aider votre club \u00e0 conna\u00eetre du succ\u00e8s.<\/p>\n<p>Il est gratuit, flexible et con\u00e7u pour les personnes qui sont \u00e0 la base du d\u00e9veloppement du soccer canadien.<\/p>\n<p>Inscrivez-vous maintenant<\/p>\n<\/p><\/div>\n<\/p><\/div>\n<\/p><\/div>\n<\/p><\/div>\n<p><!--\/section--><\/p>\n","protected":false},"excerpt":{"rendered":"<p>Bienvenue sursur Club+ de Canada Soccer Club+ est une nouvelle plateforme con\u00e7ue pour soutenir les clubs de football communautaires \u00e0&#8230;<\/p>\n","protected":false},"author":1,"featured_media":0,"parent":0,"menu_order":1,"comment_status":"closed","ping_status":"closed","template":"","meta":{"_acf_changed":false,"footnotes":""},"class_list":["post-2495","page","type-page","status-publish","hentry"],"acf":[],"_links":{"self":[{"href":"https:\/\/clubplus.canadasoccer.com\/fr\/wp-json\/wp\/v2\/pages\/2495","targetHints":{"allow":["GET"]}}],"collection":[{"href":"https:\/\/clubplus.canadasoccer.com\/fr\/wp-json\/wp\/v2\/pages"}],"about":[{"href":"https:\/\/clubplus.canadasoccer.com\/fr\/wp-json\/wp\/v2\/types\/page"}],"author":[{"embeddable":true,"href":"https:\/\/clubplus.canadasoccer.com\/fr\/wp-json\/wp\/v2\/users\/1"}],"replies":[{"embeddable":true,"href":"https:\/\/clubplus.canadasoccer.com\/fr\/wp-json\/wp\/v2\/comments?post=2495"}],"version-history":[{"count":15,"href":"https:\/\/clubplus.canadasoccer.com\/fr\/wp-json\/wp\/v2\/pages\/2495\/revisions"}],"predecessor-version":[{"id":3233,"href":"https:\/\/clubplus.canadasoccer.com\/fr\/wp-json\/wp\/v2\/pages\/2495\/revisions\/3233"}],"wp:attachment":[{"href":"https:\/\/clubplus.canadasoccer.com\/fr\/wp-json\/wp\/v2\/media?parent=2495"}],"curies":[{"name":"wp","href":"https:\/\/api.w.org\/{rel}","templated":true}]}}